{"id":16,"date":"2023-10-11T09:25:53","date_gmt":"2023-10-11T07:25:53","guid":{"rendered":"https:\/\/laturo.at\/bildung\/?page_id=16"},"modified":"2025-06-05T13:40:30","modified_gmt":"2025-06-05T11:40:30","slug":"ueber-uns","status":"publish","type":"page","link":"https:\/\/laturo.at\/bildung\/ueber-uns\/","title":{"rendered":"\u00dcber uns"},"content":{"rendered":"\n<p>Wir bieten ausbildungsinteressierte Personen kostenlose und individuelle Beratung und Begleitung bei der Entwicklung von neuen beruflichen Perspektiven und unterst\u00fctzen Unternehmen aktiv bei der Qualifizierung von Fachkr\u00e4ften.<\/p>\n\n\n\n<p>Unsere kompetenten BildungsberaterInnen informieren \u00fcber\u00a0Aus- und Weiterbildungen im Rahmen von AQUA (Arbeitsplatznahe Qualifizierung), Qualifizierungs- und F\u00f6rderm\u00f6glichkeiten in Gesundheits- und Sozialberufen, sowie allen offenen Fragen betreffend berufliche Neuorientierung.\u00a0<\/p>\n\n\n\n<p>Mit unseren Kooperationspartnern AMS O\u00d6 und Land O\u00d6 sind wir somit Ansprechpartner Nr. 1 bei der Umsetzung deines beruflichen Neustarts.<\/p>\n","protected":false},"excerpt":{"rendered":"<p>Wir bieten ausbildungsinteressierte Personen kostenlose und individuelle Beratung und Begleitung bei der Entwicklung von neuen beruflichen Perspektiven und unterst\u00fctzen Unternehmen aktiv bei der Qualifizierung von Fachkr\u00e4ften. Unsere kompetenten BildungsberaterInnen informieren \u00fcber\u00a0Aus- und Weiterbildungen im Rahmen von AQUA (Arbeitsplatznahe Qualifizierung), Qualifizierungs- und F\u00f6rderm\u00f6glichkeiten in Gesundheits- und Sozialberufen, sowie allen offenen Fragen betreffend berufliche Neuorientierung.\u00a0 Mit unseren [&hellip;]<\/p>\n","protected":false},"author":1,"featured_media":252,"parent":0,"menu_order":0,"comment_status":"closed","ping_status":"closed","template":"about.php","meta":{"_acf_changed":false,"footnotes":""},"class_list":["post-16","page","type-page","status-publish","has-post-thumbnail","hentry"],"acf":[],"yoast_head":"<!-- This site is optimized with the Yoast SEO plugin v27.4 - https:\/\/yoast.com\/product\/yoast-seo-wordpress\/ -->\n<title>\u00dcber uns - Laturo Aus- und Weiterbildung<\/title>\n<meta name=\"robots\" content=\"index, follow, max-snippet:-1, max-image-preview:large, max-video-preview:-1\" \/>\n<link rel=\"canonical\" href=\"https:\/\/laturo.at\/bildung\/ueber-uns\/\" \/>\n<meta property=\"og:locale\" content=\"de_DE\" \/>\n<meta property=\"og:type\" content=\"article\" \/>\n<meta property=\"og:title\" content=\"\u00dcber uns - Laturo Aus- und Weiterbildung\" \/>\n<meta property=\"og:description\" content=\"Wir bieten ausbildungsinteressierte Personen kostenlose und individuelle Beratung und Begleitung bei der Entwicklung von neuen beruflichen Perspektiven und unterst\u00fctzen Unternehmen aktiv bei der Qualifizierung von Fachkr\u00e4ften. Unsere kompetenten BildungsberaterInnen informieren \u00fcber\u00a0Aus- und Weiterbildungen im Rahmen von AQUA (Arbeitsplatznahe Qualifizierung), Qualifizierungs- und F\u00f6rderm\u00f6glichkeiten in Gesundheits- und Sozialberufen, sowie allen offenen Fragen betreffend berufliche Neuorientierung.\u00a0 Mit unseren [&hellip;]\" \/>\n<meta property=\"og:url\" content=\"https:\/\/laturo.at\/bildung\/ueber-uns\/\" \/>\n<meta property=\"og:site_name\" content=\"Laturo Aus- und Weiterbildung\" \/>\n<meta property=\"article:modified_time\" content=\"2025-06-05T11:40:30+00:00\" \/>\n<meta property=\"og:image\" content=\"https:\/\/laturo.at\/bildung\/wp-content\/uploads\/sites\/4\/2025\/06\/Design-ohne-Titel3.png\" \/>\n\t<meta property=\"og:image:width\" content=\"1280\" \/>\n\t<meta property=\"og:image:height\" content=\"595\" \/>\n\t<meta property=\"og:image:type\" content=\"image\/png\" \/>\n<meta name=\"twitter:card\" content=\"summary_large_image\" \/>\n<meta name=\"twitter:label1\" content=\"Gesch\u00e4tzte Lesezeit\" \/>\n\t<meta name=\"twitter:data1\" content=\"1\u00a0Minute\" \/>\n<script type=\"application\/ld+json\" class=\"yoast-schema-graph\">{\"@context\":\"https:\\\/\\\/schema.org\",\"@graph\":[{\"@type\":\"WebPage\",\"@id\":\"https:\\\/\\\/laturo.at\\\/bildung\\\/ueber-uns\\\/\",\"url\":\"https:\\\/\\\/laturo.at\\\/bildung\\\/ueber-uns\\\/\",\"name\":\"\u00dcber uns - Laturo Aus- und Weiterbildung\",\"isPartOf\":{\"@id\":\"https:\\\/\\\/laturo.at\\\/bildung\\\/#website\"},\"primaryImageOfPage\":{\"@id\":\"https:\\\/\\\/laturo.at\\\/bildung\\\/ueber-uns\\\/#primaryimage\"},\"image\":{\"@id\":\"https:\\\/\\\/laturo.at\\\/bildung\\\/ueber-uns\\\/#primaryimage\"},\"thumbnailUrl\":\"https:\\\/\\\/laturo.at\\\/bildung\\\/wp-content\\\/uploads\\\/sites\\\/4\\\/2025\\\/06\\\/Design-ohne-Titel3.png\",\"datePublished\":\"2023-10-11T07:25:53+00:00\",\"dateModified\":\"2025-06-05T11:40:30+00:00\",\"breadcrumb\":{\"@id\":\"https:\\\/\\\/laturo.at\\\/bildung\\\/ueber-uns\\\/#breadcrumb\"},\"inLanguage\":\"de\",\"potentialAction\":[{\"@type\":\"ReadAction\",\"target\":[\"https:\\\/\\\/laturo.at\\\/bildung\\\/ueber-uns\\\/\"]}]},{\"@type\":\"ImageObject\",\"inLanguage\":\"de\",\"@id\":\"https:\\\/\\\/laturo.at\\\/bildung\\\/ueber-uns\\\/#primaryimage\",\"url\":\"https:\\\/\\\/laturo.at\\\/bildung\\\/wp-content\\\/uploads\\\/sites\\\/4\\\/2025\\\/06\\\/Design-ohne-Titel3.png\",\"contentUrl\":\"https:\\\/\\\/laturo.at\\\/bildung\\\/wp-content\\\/uploads\\\/sites\\\/4\\\/2025\\\/06\\\/Design-ohne-Titel3.png\",\"width\":1280,\"height\":595,\"caption\":\"Stilisierter springender Delfin, darunter der Schriftzug LATURO und darunter \u201eAus- und Weiterbildung\u201c.\"},{\"@type\":\"BreadcrumbList\",\"@id\":\"https:\\\/\\\/laturo.at\\\/bildung\\\/ueber-uns\\\/#breadcrumb\",\"itemListElement\":[{\"@type\":\"ListItem\",\"position\":1,\"name\":\"Home\",\"item\":\"https:\\\/\\\/laturo.at\\\/bildung\\\/\"},{\"@type\":\"ListItem\",\"position\":2,\"name\":\"\u00dcber uns\"}]},{\"@type\":\"WebSite\",\"@id\":\"https:\\\/\\\/laturo.at\\\/bildung\\\/#website\",\"url\":\"https:\\\/\\\/laturo.at\\\/bildung\\\/\",\"name\":\"Laturo Aus- und Weiterbildung\",\"description\":\"\",\"potentialAction\":[{\"@type\":\"SearchAction\",\"target\":{\"@type\":\"EntryPoint\",\"urlTemplate\":\"https:\\\/\\\/laturo.at\\\/bildung\\\/?s={search_term_string}\"},\"query-input\":{\"@type\":\"PropertyValueSpecification\",\"valueRequired\":true,\"valueName\":\"search_term_string\"}}],\"inLanguage\":\"de\"}]}<\/script>\n<!-- \/ Yoast SEO plugin. -->","yoast_head_json":{"title":"\u00dcber uns - Laturo Aus- und Weiterbildung","robots":{"index":"index","follow":"follow","max-snippet":"max-snippet:-1","max-image-preview":"max-image-preview:large","max-video-preview":"max-video-preview:-1"},"canonical":"https:\/\/laturo.at\/bildung\/ueber-uns\/","og_locale":"de_DE","og_type":"article","og_title":"\u00dcber uns - Laturo Aus- und Weiterbildung","og_description":"Wir bieten ausbildungsinteressierte Personen kostenlose und individuelle Beratung und Begleitung bei der Entwicklung von neuen beruflichen Perspektiven und unterst\u00fctzen Unternehmen aktiv bei der Qualifizierung von Fachkr\u00e4ften. Unsere kompetenten BildungsberaterInnen informieren \u00fcber\u00a0Aus- und Weiterbildungen im Rahmen von AQUA (Arbeitsplatznahe Qualifizierung), Qualifizierungs- und F\u00f6rderm\u00f6glichkeiten in Gesundheits- und Sozialberufen, sowie allen offenen Fragen betreffend berufliche Neuorientierung.\u00a0 Mit unseren [&hellip;]","og_url":"https:\/\/laturo.at\/bildung\/ueber-uns\/","og_site_name":"Laturo Aus- und Weiterbildung","article_modified_time":"2025-06-05T11:40:30+00:00","og_image":[{"width":1280,"height":595,"url":"https:\/\/laturo.at\/bildung\/wp-content\/uploads\/sites\/4\/2025\/06\/Design-ohne-Titel3.png","type":"image\/png"}],"twitter_card":"summary_large_image","twitter_misc":{"Gesch\u00e4tzte Lesezeit":"1\u00a0Minute"},"schema":{"@context":"https:\/\/schema.org","@graph":[{"@type":"WebPage","@id":"https:\/\/laturo.at\/bildung\/ueber-uns\/","url":"https:\/\/laturo.at\/bildung\/ueber-uns\/","name":"\u00dcber uns - Laturo Aus- und Weiterbildung","isPartOf":{"@id":"https:\/\/laturo.at\/bildung\/#website"},"primaryImageOfPage":{"@id":"https:\/\/laturo.at\/bildung\/ueber-uns\/#primaryimage"},"image":{"@id":"https:\/\/laturo.at\/bildung\/ueber-uns\/#primaryimage"},"thumbnailUrl":"https:\/\/laturo.at\/bildung\/wp-content\/uploads\/sites\/4\/2025\/06\/Design-ohne-Titel3.png","datePublished":"2023-10-11T07:25:53+00:00","dateModified":"2025-06-05T11:40:30+00:00","breadcrumb":{"@id":"https:\/\/laturo.at\/bildung\/ueber-uns\/#breadcrumb"},"inLanguage":"de","potentialAction":[{"@type":"ReadAction","target":["https:\/\/laturo.at\/bildung\/ueber-uns\/"]}]},{"@type":"ImageObject","inLanguage":"de","@id":"https:\/\/laturo.at\/bildung\/ueber-uns\/#primaryimage","url":"https:\/\/laturo.at\/bildung\/wp-content\/uploads\/sites\/4\/2025\/06\/Design-ohne-Titel3.png","contentUrl":"https:\/\/laturo.at\/bildung\/wp-content\/uploads\/sites\/4\/2025\/06\/Design-ohne-Titel3.png","width":1280,"height":595,"caption":"Stilisierter springender Delfin, darunter der Schriftzug LATURO und darunter \u201eAus- und Weiterbildung\u201c."},{"@type":"BreadcrumbList","@id":"https:\/\/laturo.at\/bildung\/ueber-uns\/#breadcrumb","itemListElement":[{"@type":"ListItem","position":1,"name":"Home","item":"https:\/\/laturo.at\/bildung\/"},{"@type":"ListItem","position":2,"name":"\u00dcber uns"}]},{"@type":"WebSite","@id":"https:\/\/laturo.at\/bildung\/#website","url":"https:\/\/laturo.at\/bildung\/","name":"Laturo Aus- und Weiterbildung","description":"","potentialAction":[{"@type":"SearchAction","target":{"@type":"EntryPoint","urlTemplate":"https:\/\/laturo.at\/bildung\/?s={search_term_string}"},"query-input":{"@type":"PropertyValueSpecification","valueRequired":true,"valueName":"search_term_string"}}],"inLanguage":"de"}]}},"_links":{"self":[{"href":"https:\/\/laturo.at\/bildung\/wp-json\/wp\/v2\/pages\/16","targetHints":{"allow":["GET"]}}],"collection":[{"href":"https:\/\/laturo.at\/bildung\/wp-json\/wp\/v2\/pages"}],"about":[{"href":"https:\/\/laturo.at\/bildung\/wp-json\/wp\/v2\/types\/page"}],"author":[{"embeddable":true,"href":"https:\/\/laturo.at\/bildung\/wp-json\/wp\/v2\/users\/1"}],"replies":[{"embeddable":true,"href":"https:\/\/laturo.at\/bildung\/wp-json\/wp\/v2\/comments?post=16"}],"version-history":[{"count":6,"href":"https:\/\/laturo.at\/bildung\/wp-json\/wp\/v2\/pages\/16\/revisions"}],"predecessor-version":[{"id":207,"href":"https:\/\/laturo.at\/bildung\/wp-json\/wp\/v2\/pages\/16\/revisions\/207"}],"wp:featuredmedia":[{"embeddable":true,"href":"https:\/\/laturo.at\/bildung\/wp-json\/wp\/v2\/media\/252"}],"wp:attachment":[{"href":"https:\/\/laturo.at\/bildung\/wp-json\/wp\/v2\/media?parent=16"}],"curies":[{"name":"wp","href":"https:\/\/api.w.org\/{rel}","templated":true}]}}