{"id":117,"date":"2023-11-14T13:05:56","date_gmt":"2023-11-14T12:05:56","guid":{"rendered":"https:\/\/laturo.at\/consulting\/?page_id=117"},"modified":"2025-08-28T18:15:26","modified_gmt":"2025-08-28T16:15:26","slug":"unternehmer","status":"publish","type":"page","link":"https:\/\/laturo.at\/consulting\/unternehmer\/","title":{"rendered":"Unternehmer"},"content":{"rendered":"\n<h3 class=\"wp-block-heading\">Warum LATURO?<\/h3>\n\n\n\n<ul class=\"wp-block-list\">\n<li>WIR sind DIE Experten darin BewerberInnen und Unternehmen seit \u00fcber 20 Jahren zusammenzubringen, weil DAS unsere Leidenschaft ist \u2013 und wir das bei LATURO mit Begeisterung tun.&nbsp;&nbsp; <\/li>\n\n\n\n<li>Das&nbsp;Perfect&nbsp;Match zwischen unseren Kunden und unseren BewerberInnen&nbsp;steht dabei an erster Stelle. <\/li>\n\n\n\n<li>WIR&nbsp;begleiten Unternehmen und KandidatInnen gleicherma\u00dfen langj\u00e4hrig als Sparring Partner auf Augenh\u00f6he.&nbsp; <\/li>\n\n\n\n<li>WIR kennen den Arbeitsmarkt und&nbsp;erreichen potenzielle, zuk\u00fcnftige neue MitarbeiterInnen f\u00fcr Ihr Unternehmen.&nbsp; <\/li>\n\n\n\n<li>WIR verf\u00fcgen \u00fcber ein breites pers\u00f6nliches und virtuelles Netzwerk und eine moderne Bewerbermanagement&nbsp;Plattform, um&nbsp;den Kontakt zu bestehenden BewerberInnen strukturiert zu pflegen.&nbsp; <\/li>\n\n\n\n<li>UNSER&nbsp;Ziel ist&nbsp;IHRE&nbsp;erfolgreiche Besetzung \u2013 daran setzen wir&nbsp;Alles!&nbsp;Und das&nbsp;wissen&nbsp;unsere Kunden!<\/li>\n<\/ul>\n\n\n\n<p id=\"hier\"><\/p>\n","protected":false},"excerpt":{"rendered":"<p>Warum LATURO?<\/p>\n","protected":false},"author":1,"featured_media":0,"parent":0,"menu_order":0,"comment_status":"closed","ping_status":"closed","template":"unternehmer.php","meta":{"_acf_changed":false,"footnotes":""},"class_list":["post-117","page","type-page","status-publish","hentry"],"acf":[],"yoast_head":"<!-- This site is optimized with the Yoast SEO plugin v27.4 - https:\/\/yoast.com\/product\/yoast-seo-wordpress\/ -->\n<title>Unternehmer - Laturo Consulting<\/title>\n<meta name=\"robots\" content=\"index, follow, max-snippet:-1, max-image-preview:large, max-video-preview:-1\" \/>\n<link rel=\"canonical\" href=\"https:\/\/laturo.at\/consulting\/unternehmer\/\" \/>\n<meta property=\"og:locale\" content=\"de_DE\" \/>\n<meta property=\"og:type\" content=\"article\" \/>\n<meta property=\"og:title\" content=\"Unternehmer - Laturo Consulting\" \/>\n<meta property=\"og:description\" content=\"Warum LATURO?\" \/>\n<meta property=\"og:url\" content=\"https:\/\/laturo.at\/consulting\/unternehmer\/\" \/>\n<meta property=\"og:site_name\" content=\"Laturo Consulting\" \/>\n<meta property=\"article:modified_time\" content=\"2025-08-28T16:15:26+00:00\" \/>\n<meta name=\"twitter:card\" content=\"summary_large_image\" \/>\n<meta name=\"twitter:label1\" content=\"Gesch\u00e4tzte Lesezeit\" \/>\n\t<meta name=\"twitter:data1\" content=\"2\u00a0Minuten\" \/>\n<script type=\"application\/ld+json\" class=\"yoast-schema-graph\">{\"@context\":\"https:\\\/\\\/schema.org\",\"@graph\":[{\"@type\":\"WebPage\",\"@id\":\"https:\\\/\\\/laturo.at\\\/consulting\\\/unternehmer\\\/\",\"url\":\"https:\\\/\\\/laturo.at\\\/consulting\\\/unternehmer\\\/\",\"name\":\"Unternehmer - Laturo Consulting\",\"isPartOf\":{\"@id\":\"https:\\\/\\\/laturo.at\\\/consulting\\\/#website\"},\"datePublished\":\"2023-11-14T12:05:56+00:00\",\"dateModified\":\"2025-08-28T16:15:26+00:00\",\"breadcrumb\":{\"@id\":\"https:\\\/\\\/laturo.at\\\/consulting\\\/unternehmer\\\/#breadcrumb\"},\"inLanguage\":\"de\",\"potentialAction\":[{\"@type\":\"ReadAction\",\"target\":[\"https:\\\/\\\/laturo.at\\\/consulting\\\/unternehmer\\\/\"]}]},{\"@type\":\"BreadcrumbList\",\"@id\":\"https:\\\/\\\/laturo.at\\\/consulting\\\/unternehmer\\\/#breadcrumb\",\"itemListElement\":[{\"@type\":\"ListItem\",\"position\":1,\"name\":\"Home\",\"item\":\"https:\\\/\\\/laturo.at\\\/consulting\\\/\"},{\"@type\":\"ListItem\",\"position\":2,\"name\":\"Unternehmer\"}]},{\"@type\":\"WebSite\",\"@id\":\"https:\\\/\\\/laturo.at\\\/consulting\\\/#website\",\"url\":\"https:\\\/\\\/laturo.at\\\/consulting\\\/\",\"name\":\"Laturo Consulting\",\"description\":\"\",\"potentialAction\":[{\"@type\":\"SearchAction\",\"target\":{\"@type\":\"EntryPoint\",\"urlTemplate\":\"https:\\\/\\\/laturo.at\\\/consulting\\\/?s={search_term_string}\"},\"query-input\":{\"@type\":\"PropertyValueSpecification\",\"valueRequired\":true,\"valueName\":\"search_term_string\"}}],\"inLanguage\":\"de\"}]}<\/script>\n<!-- \/ Yoast SEO plugin. -->","yoast_head_json":{"title":"Unternehmer - Laturo Consulting","robots":{"index":"index","follow":"follow","max-snippet":"max-snippet:-1","max-image-preview":"max-image-preview:large","max-video-preview":"max-video-preview:-1"},"canonical":"https:\/\/laturo.at\/consulting\/unternehmer\/","og_locale":"de_DE","og_type":"article","og_title":"Unternehmer - Laturo Consulting","og_description":"Warum LATURO?","og_url":"https:\/\/laturo.at\/consulting\/unternehmer\/","og_site_name":"Laturo Consulting","article_modified_time":"2025-08-28T16:15:26+00:00","twitter_card":"summary_large_image","twitter_misc":{"Gesch\u00e4tzte Lesezeit":"2\u00a0Minuten"},"schema":{"@context":"https:\/\/schema.org","@graph":[{"@type":"WebPage","@id":"https:\/\/laturo.at\/consulting\/unternehmer\/","url":"https:\/\/laturo.at\/consulting\/unternehmer\/","name":"Unternehmer - Laturo Consulting","isPartOf":{"@id":"https:\/\/laturo.at\/consulting\/#website"},"datePublished":"2023-11-14T12:05:56+00:00","dateModified":"2025-08-28T16:15:26+00:00","breadcrumb":{"@id":"https:\/\/laturo.at\/consulting\/unternehmer\/#breadcrumb"},"inLanguage":"de","potentialAction":[{"@type":"ReadAction","target":["https:\/\/laturo.at\/consulting\/unternehmer\/"]}]},{"@type":"BreadcrumbList","@id":"https:\/\/laturo.at\/consulting\/unternehmer\/#breadcrumb","itemListElement":[{"@type":"ListItem","position":1,"name":"Home","item":"https:\/\/laturo.at\/consulting\/"},{"@type":"ListItem","position":2,"name":"Unternehmer"}]},{"@type":"WebSite","@id":"https:\/\/laturo.at\/consulting\/#website","url":"https:\/\/laturo.at\/consulting\/","name":"Laturo Consulting","description":"","potentialAction":[{"@type":"SearchAction","target":{"@type":"EntryPoint","urlTemplate":"https:\/\/laturo.at\/consulting\/?s={search_term_string}"},"query-input":{"@type":"PropertyValueSpecification","valueRequired":true,"valueName":"search_term_string"}}],"inLanguage":"de"}]}},"_links":{"self":[{"href":"https:\/\/laturo.at\/consulting\/wp-json\/wp\/v2\/pages\/117","targetHints":{"allow":["GET"]}}],"collection":[{"href":"https:\/\/laturo.at\/consulting\/wp-json\/wp\/v2\/pages"}],"about":[{"href":"https:\/\/laturo.at\/consulting\/wp-json\/wp\/v2\/types\/page"}],"author":[{"embeddable":true,"href":"https:\/\/laturo.at\/consulting\/wp-json\/wp\/v2\/users\/1"}],"replies":[{"embeddable":true,"href":"https:\/\/laturo.at\/consulting\/wp-json\/wp\/v2\/comments?post=117"}],"version-history":[{"count":26,"href":"https:\/\/laturo.at\/consulting\/wp-json\/wp\/v2\/pages\/117\/revisions"}],"predecessor-version":[{"id":321,"href":"https:\/\/laturo.at\/consulting\/wp-json\/wp\/v2\/pages\/117\/revisions\/321"}],"wp:attachment":[{"href":"https:\/\/laturo.at\/consulting\/wp-json\/wp\/v2\/media?parent=117"}],"curies":[{"name":"wp","href":"https:\/\/api.w.org\/{rel}","templated":true}]}}