{"id":20,"date":"2023-09-11T09:21:22","date_gmt":"2023-09-11T07:21:22","guid":{"rendered":"https:\/\/laturo.at\/consulting\/?page_id=20"},"modified":"2025-09-15T15:45:47","modified_gmt":"2025-09-15T13:45:47","slug":"bewerber","status":"publish","type":"page","link":"https:\/\/laturo.at\/consulting\/","title":{"rendered":"Bewerber"},"content":{"rendered":"\r\n<p style=\"font-size: 20px;\">Du m\u00f6chtest dich beruflich ver\u00e4ndern oder planst deinen n\u00e4chsten Karriereschritt?<br \/>Wir von LATURO Consulting, unterst\u00fctzen dich gerne dabei.<\/p>\r\n\r\n\r\n\r\n<p class=\"has-medium-font-size\">Spezialisiert auf die Direktvermittlung von kaufm\u00e4nnischem und technischem Personal, sind wir gerne dein Ansprechpartner<br \/>auf der Suche nach dem richtigen Job. Informiere dich jetzt gleich \u00fcber unsere aktuellen Stellenangebote: <a href=\"https:\/\/laturo.at\/consulting\/?type=search&amp;fromjoblist=1#anchorwp\">hier<\/a><\/p>\r\n\r\n\r\n\r\n<p class=\"has-medium-font-size\">Keine passende Stelle gefunden? Dann sende uns ganz unverbindlich deine <a href=\"#initiativbewerbung\">Initiativbewerbung<\/a>.<\/p>\r\n\r\n\r\n\r\n<p class=\"has-medium-font-size\">M\u00f6chtest du n\u00e4here Informationen &#8211; buche gleich deinen Telefontermin:<\/p>\r\n","protected":false},"excerpt":{"rendered":"<p>Du m\u00f6chtest dich beruflich ver\u00e4ndern oder planst deinen n\u00e4chsten Karriereschritt?Wir von LATURO Consulting, unterst\u00fctzen dich gerne dabei. Spezialisiert auf die Direktvermittlung von kaufm\u00e4nnischem und technischem Personal, sind wir gerne dein Ansprechpartnerauf der Suche nach dem richtigen Job. Informiere dich jetzt gleich \u00fcber unsere aktuellen Stellenangebote: hier Keine passende Stelle gefunden? Dann sende uns ganz unverbindlich [&hellip;]<\/p>\n","protected":false},"author":1,"featured_media":0,"parent":0,"menu_order":0,"comment_status":"closed","ping_status":"closed","template":"bewerber.php","meta":{"_acf_changed":false,"footnotes":""},"class_list":["post-20","page","type-page","status-publish","hentry"],"acf":[],"yoast_head":"<!-- This site is optimized with the Yoast SEO plugin v27.3 - https:\/\/yoast.com\/product\/yoast-seo-wordpress\/ -->\n<title>Bewerber - Laturo Consulting<\/title>\n<meta name=\"robots\" content=\"index, follow, max-snippet:-1, max-image-preview:large, max-video-preview:-1\" \/>\n<link rel=\"canonical\" href=\"https:\/\/laturo.at\/consulting\/\" \/>\n<meta property=\"og:locale\" content=\"de_DE\" \/>\n<meta property=\"og:type\" content=\"article\" \/>\n<meta property=\"og:title\" content=\"Bewerber - Laturo Consulting\" \/>\n<meta property=\"og:description\" content=\"Du m\u00f6chtest dich beruflich ver\u00e4ndern oder planst deinen n\u00e4chsten Karriereschritt?Wir von LATURO Consulting, unterst\u00fctzen dich gerne dabei. Spezialisiert auf die Direktvermittlung von kaufm\u00e4nnischem und technischem Personal, sind wir gerne dein Ansprechpartnerauf der Suche nach dem richtigen Job. Informiere dich jetzt gleich \u00fcber unsere aktuellen Stellenangebote: hier Keine passende Stelle gefunden? Dann sende uns ganz unverbindlich [&hellip;]\" \/>\n<meta property=\"og:url\" content=\"https:\/\/laturo.at\/consulting\/\" \/>\n<meta property=\"og:site_name\" content=\"Laturo Consulting\" \/>\n<meta property=\"article:modified_time\" content=\"2025-09-15T13:45:47+00:00\" \/>\n<meta name=\"twitter:card\" content=\"summary_large_image\" \/>\n<meta name=\"twitter:label1\" content=\"Gesch\u00e4tzte Lesezeit\" \/>\n\t<meta name=\"twitter:data1\" content=\"1\u00a0Minute\" \/>\n<script type=\"application\/ld+json\" class=\"yoast-schema-graph\">{\"@context\":\"https:\\\/\\\/schema.org\",\"@graph\":[{\"@type\":\"WebPage\",\"@id\":\"https:\\\/\\\/laturo.at\\\/consulting\\\/\",\"url\":\"https:\\\/\\\/laturo.at\\\/consulting\\\/\",\"name\":\"Bewerber - Laturo Consulting\",\"isPartOf\":{\"@id\":\"https:\\\/\\\/laturo.at\\\/consulting\\\/#website\"},\"datePublished\":\"2023-09-11T07:21:22+00:00\",\"dateModified\":\"2025-09-15T13:45:47+00:00\",\"breadcrumb\":{\"@id\":\"https:\\\/\\\/laturo.at\\\/consulting\\\/#breadcrumb\"},\"inLanguage\":\"de\",\"potentialAction\":[{\"@type\":\"ReadAction\",\"target\":[\"https:\\\/\\\/laturo.at\\\/consulting\\\/\"]}]},{\"@type\":\"BreadcrumbList\",\"@id\":\"https:\\\/\\\/laturo.at\\\/consulting\\\/#breadcrumb\",\"itemListElement\":[{\"@type\":\"ListItem\",\"position\":1,\"name\":\"Home\",\"item\":\"https:\\\/\\\/laturo.at\\\/consulting\\\/\"},{\"@type\":\"ListItem\",\"position\":2,\"name\":\"Bewerber\"}]},{\"@type\":\"WebSite\",\"@id\":\"https:\\\/\\\/laturo.at\\\/consulting\\\/#website\",\"url\":\"https:\\\/\\\/laturo.at\\\/consulting\\\/\",\"name\":\"Laturo Consulting\",\"description\":\"\",\"potentialAction\":[{\"@type\":\"SearchAction\",\"target\":{\"@type\":\"EntryPoint\",\"urlTemplate\":\"https:\\\/\\\/laturo.at\\\/consulting\\\/?s={search_term_string}\"},\"query-input\":{\"@type\":\"PropertyValueSpecification\",\"valueRequired\":true,\"valueName\":\"search_term_string\"}}],\"inLanguage\":\"de\"}]}<\/script>\n<!-- \/ Yoast SEO plugin. -->","yoast_head_json":{"title":"Bewerber - Laturo Consulting","robots":{"index":"index","follow":"follow","max-snippet":"max-snippet:-1","max-image-preview":"max-image-preview:large","max-video-preview":"max-video-preview:-1"},"canonical":"https:\/\/laturo.at\/consulting\/","og_locale":"de_DE","og_type":"article","og_title":"Bewerber - Laturo Consulting","og_description":"Du m\u00f6chtest dich beruflich ver\u00e4ndern oder planst deinen n\u00e4chsten Karriereschritt?Wir von LATURO Consulting, unterst\u00fctzen dich gerne dabei. Spezialisiert auf die Direktvermittlung von kaufm\u00e4nnischem und technischem Personal, sind wir gerne dein Ansprechpartnerauf der Suche nach dem richtigen Job. Informiere dich jetzt gleich \u00fcber unsere aktuellen Stellenangebote: hier Keine passende Stelle gefunden? Dann sende uns ganz unverbindlich [&hellip;]","og_url":"https:\/\/laturo.at\/consulting\/","og_site_name":"Laturo Consulting","article_modified_time":"2025-09-15T13:45:47+00:00","twitter_card":"summary_large_image","twitter_misc":{"Gesch\u00e4tzte Lesezeit":"1\u00a0Minute"},"schema":{"@context":"https:\/\/schema.org","@graph":[{"@type":"WebPage","@id":"https:\/\/laturo.at\/consulting\/","url":"https:\/\/laturo.at\/consulting\/","name":"Bewerber - Laturo Consulting","isPartOf":{"@id":"https:\/\/laturo.at\/consulting\/#website"},"datePublished":"2023-09-11T07:21:22+00:00","dateModified":"2025-09-15T13:45:47+00:00","breadcrumb":{"@id":"https:\/\/laturo.at\/consulting\/#breadcrumb"},"inLanguage":"de","potentialAction":[{"@type":"ReadAction","target":["https:\/\/laturo.at\/consulting\/"]}]},{"@type":"BreadcrumbList","@id":"https:\/\/laturo.at\/consulting\/#breadcrumb","itemListElement":[{"@type":"ListItem","position":1,"name":"Home","item":"https:\/\/laturo.at\/consulting\/"},{"@type":"ListItem","position":2,"name":"Bewerber"}]},{"@type":"WebSite","@id":"https:\/\/laturo.at\/consulting\/#website","url":"https:\/\/laturo.at\/consulting\/","name":"Laturo Consulting","description":"","potentialAction":[{"@type":"SearchAction","target":{"@type":"EntryPoint","urlTemplate":"https:\/\/laturo.at\/consulting\/?s={search_term_string}"},"query-input":{"@type":"PropertyValueSpecification","valueRequired":true,"valueName":"search_term_string"}}],"inLanguage":"de"}]}},"_links":{"self":[{"href":"https:\/\/laturo.at\/consulting\/wp-json\/wp\/v2\/pages\/20","targetHints":{"allow":["GET"]}}],"collection":[{"href":"https:\/\/laturo.at\/consulting\/wp-json\/wp\/v2\/pages"}],"about":[{"href":"https:\/\/laturo.at\/consulting\/wp-json\/wp\/v2\/types\/page"}],"author":[{"embeddable":true,"href":"https:\/\/laturo.at\/consulting\/wp-json\/wp\/v2\/users\/1"}],"replies":[{"embeddable":true,"href":"https:\/\/laturo.at\/consulting\/wp-json\/wp\/v2\/comments?post=20"}],"version-history":[{"count":35,"href":"https:\/\/laturo.at\/consulting\/wp-json\/wp\/v2\/pages\/20\/revisions"}],"predecessor-version":[{"id":324,"href":"https:\/\/laturo.at\/consulting\/wp-json\/wp\/v2\/pages\/20\/revisions\/324"}],"wp:attachment":[{"href":"https:\/\/laturo.at\/consulting\/wp-json\/wp\/v2\/media?parent=20"}],"curies":[{"name":"wp","href":"https:\/\/api.w.org\/{rel}","templated":true}]}}