{"id":65,"date":"2023-10-24T09:59:33","date_gmt":"2023-10-24T07:59:33","guid":{"rendered":"https:\/\/laturo.at\/personalservice\/?page_id=65"},"modified":"2023-11-29T14:40:13","modified_gmt":"2023-11-29T13:40:13","slug":"unternehmer","status":"publish","type":"page","link":"https:\/\/laturo.at\/personalservice\/unternehmer\/","title":{"rendered":"Unternehmer"},"content":{"rendered":"\n<p>Erfolgreiche Personalvermittlung braucht viel Erfahrung, Professionalit\u00e4t und umfangreiches Branchenwissen. Wir bieten Ihnen als Kunde innovative Personall\u00f6sungen in einem dynamischen Arbeitsmarkt und steigern so Ihre Wettbewerbsf\u00e4higkeit. Unsere Fairness und Individualit\u00e4t zeichnen uns aus, denn f\u00fcr uns z\u00e4hlt der Mensch.<\/p>\n","protected":false},"excerpt":{"rendered":"<p>Erfolgreiche Personalvermittlung braucht viel Erfahrung, Professionalit\u00e4t und umfangreiches Branchenwissen. Wir bieten Ihnen als Kunde innovative Personall\u00f6sungen in einem dynamischen Arbeitsmarkt und steigern so Ihre Wettbewerbsf\u00e4higkeit. Unsere Fairness und Individualit\u00e4t zeichnen uns aus, denn f\u00fcr uns z\u00e4hlt der Mensch.<\/p>\n","protected":false},"author":1,"featured_media":0,"parent":0,"menu_order":0,"comment_status":"closed","ping_status":"closed","template":"unternehmer.php","meta":{"_acf_changed":false,"footnotes":""},"class_list":["post-65","page","type-page","status-publish","hentry"],"acf":[],"yoast_head":"<!-- This site is optimized with the Yoast SEO plugin v27.5 - https:\/\/yoast.com\/product\/yoast-seo-wordpress\/ -->\n<title>Unternehmer - Laturo Personalservice<\/title>\n<meta name=\"robots\" content=\"index, follow, max-snippet:-1, max-image-preview:large, max-video-preview:-1\" \/>\n<link rel=\"canonical\" href=\"https:\/\/laturo.at\/personalservice\/unternehmer\/\" \/>\n<meta property=\"og:locale\" content=\"de_DE\" \/>\n<meta property=\"og:type\" content=\"article\" \/>\n<meta property=\"og:title\" content=\"Unternehmer - Laturo Personalservice\" \/>\n<meta property=\"og:description\" content=\"Erfolgreiche Personalvermittlung braucht viel Erfahrung, Professionalit\u00e4t und umfangreiches Branchenwissen. Wir bieten Ihnen als Kunde innovative Personall\u00f6sungen in einem dynamischen Arbeitsmarkt und steigern so Ihre Wettbewerbsf\u00e4higkeit. Unsere Fairness und Individualit\u00e4t zeichnen uns aus, denn f\u00fcr uns z\u00e4hlt der Mensch.\" \/>\n<meta property=\"og:url\" content=\"https:\/\/laturo.at\/personalservice\/unternehmer\/\" \/>\n<meta property=\"og:site_name\" content=\"Laturo Personalservice\" \/>\n<meta property=\"article:modified_time\" content=\"2023-11-29T13:40:13+00:00\" \/>\n<meta name=\"twitter:card\" content=\"summary_large_image\" \/>\n<meta name=\"twitter:label1\" content=\"Gesch\u00e4tzte Lesezeit\" \/>\n\t<meta name=\"twitter:data1\" content=\"1\u00a0Minute\" \/>\n<script type=\"application\/ld+json\" class=\"yoast-schema-graph\">{\"@context\":\"https:\\\/\\\/schema.org\",\"@graph\":[{\"@type\":\"WebPage\",\"@id\":\"https:\\\/\\\/laturo.at\\\/personalservice\\\/unternehmer\\\/\",\"url\":\"https:\\\/\\\/laturo.at\\\/personalservice\\\/unternehmer\\\/\",\"name\":\"Unternehmer - Laturo Personalservice\",\"isPartOf\":{\"@id\":\"https:\\\/\\\/laturo.at\\\/personalservice\\\/#website\"},\"datePublished\":\"2023-10-24T07:59:33+00:00\",\"dateModified\":\"2023-11-29T13:40:13+00:00\",\"breadcrumb\":{\"@id\":\"https:\\\/\\\/laturo.at\\\/personalservice\\\/unternehmer\\\/#breadcrumb\"},\"inLanguage\":\"de\",\"potentialAction\":[{\"@type\":\"ReadAction\",\"target\":[\"https:\\\/\\\/laturo.at\\\/personalservice\\\/unternehmer\\\/\"]}]},{\"@type\":\"BreadcrumbList\",\"@id\":\"https:\\\/\\\/laturo.at\\\/personalservice\\\/unternehmer\\\/#breadcrumb\",\"itemListElement\":[{\"@type\":\"ListItem\",\"position\":1,\"name\":\"Home\",\"item\":\"https:\\\/\\\/laturo.at\\\/personalservice\\\/\"},{\"@type\":\"ListItem\",\"position\":2,\"name\":\"Unternehmer\"}]},{\"@type\":\"WebSite\",\"@id\":\"https:\\\/\\\/laturo.at\\\/personalservice\\\/#website\",\"url\":\"https:\\\/\\\/laturo.at\\\/personalservice\\\/\",\"name\":\"Laturo Personalservice\",\"description\":\"\",\"potentialAction\":[{\"@type\":\"SearchAction\",\"target\":{\"@type\":\"EntryPoint\",\"urlTemplate\":\"https:\\\/\\\/laturo.at\\\/personalservice\\\/?s={search_term_string}\"},\"query-input\":{\"@type\":\"PropertyValueSpecification\",\"valueRequired\":true,\"valueName\":\"search_term_string\"}}],\"inLanguage\":\"de\"}]}<\/script>\n<!-- \/ Yoast SEO plugin. -->","yoast_head_json":{"title":"Unternehmer - Laturo Personalservice","robots":{"index":"index","follow":"follow","max-snippet":"max-snippet:-1","max-image-preview":"max-image-preview:large","max-video-preview":"max-video-preview:-1"},"canonical":"https:\/\/laturo.at\/personalservice\/unternehmer\/","og_locale":"de_DE","og_type":"article","og_title":"Unternehmer - Laturo Personalservice","og_description":"Erfolgreiche Personalvermittlung braucht viel Erfahrung, Professionalit\u00e4t und umfangreiches Branchenwissen. Wir bieten Ihnen als Kunde innovative Personall\u00f6sungen in einem dynamischen Arbeitsmarkt und steigern so Ihre Wettbewerbsf\u00e4higkeit. Unsere Fairness und Individualit\u00e4t zeichnen uns aus, denn f\u00fcr uns z\u00e4hlt der Mensch.","og_url":"https:\/\/laturo.at\/personalservice\/unternehmer\/","og_site_name":"Laturo Personalservice","article_modified_time":"2023-11-29T13:40:13+00:00","twitter_card":"summary_large_image","twitter_misc":{"Gesch\u00e4tzte Lesezeit":"1\u00a0Minute"},"schema":{"@context":"https:\/\/schema.org","@graph":[{"@type":"WebPage","@id":"https:\/\/laturo.at\/personalservice\/unternehmer\/","url":"https:\/\/laturo.at\/personalservice\/unternehmer\/","name":"Unternehmer - Laturo Personalservice","isPartOf":{"@id":"https:\/\/laturo.at\/personalservice\/#website"},"datePublished":"2023-10-24T07:59:33+00:00","dateModified":"2023-11-29T13:40:13+00:00","breadcrumb":{"@id":"https:\/\/laturo.at\/personalservice\/unternehmer\/#breadcrumb"},"inLanguage":"de","potentialAction":[{"@type":"ReadAction","target":["https:\/\/laturo.at\/personalservice\/unternehmer\/"]}]},{"@type":"BreadcrumbList","@id":"https:\/\/laturo.at\/personalservice\/unternehmer\/#breadcrumb","itemListElement":[{"@type":"ListItem","position":1,"name":"Home","item":"https:\/\/laturo.at\/personalservice\/"},{"@type":"ListItem","position":2,"name":"Unternehmer"}]},{"@type":"WebSite","@id":"https:\/\/laturo.at\/personalservice\/#website","url":"https:\/\/laturo.at\/personalservice\/","name":"Laturo Personalservice","description":"","potentialAction":[{"@type":"SearchAction","target":{"@type":"EntryPoint","urlTemplate":"https:\/\/laturo.at\/personalservice\/?s={search_term_string}"},"query-input":{"@type":"PropertyValueSpecification","valueRequired":true,"valueName":"search_term_string"}}],"inLanguage":"de"}]}},"_links":{"self":[{"href":"https:\/\/laturo.at\/personalservice\/wp-json\/wp\/v2\/pages\/65","targetHints":{"allow":["GET"]}}],"collection":[{"href":"https:\/\/laturo.at\/personalservice\/wp-json\/wp\/v2\/pages"}],"about":[{"href":"https:\/\/laturo.at\/personalservice\/wp-json\/wp\/v2\/types\/page"}],"author":[{"embeddable":true,"href":"https:\/\/laturo.at\/personalservice\/wp-json\/wp\/v2\/users\/1"}],"replies":[{"embeddable":true,"href":"https:\/\/laturo.at\/personalservice\/wp-json\/wp\/v2\/comments?post=65"}],"version-history":[{"count":5,"href":"https:\/\/laturo.at\/personalservice\/wp-json\/wp\/v2\/pages\/65\/revisions"}],"predecessor-version":[{"id":159,"href":"https:\/\/laturo.at\/personalservice\/wp-json\/wp\/v2\/pages\/65\/revisions\/159"}],"wp:attachment":[{"href":"https:\/\/laturo.at\/personalservice\/wp-json\/wp\/v2\/media?parent=65"}],"curies":[{"name":"wp","href":"https:\/\/api.w.org\/{rel}","templated":true}]}}